{"id":3515,"date":"2022-09-15T18:35:16","date_gmt":"2022-09-15T15:35:16","guid":{"rendered":"https:\/\/style-team.com\/?post_type=product&#038;p=3515"},"modified":"2022-09-15T18:42:34","modified_gmt":"2022-09-15T15:42:34","slug":"e14586-r25-se","status":"publish","type":"product","link":"https:\/\/style-team.com\/en\/product\/e14586-r25-se\/","title":{"rendered":"Kap\u00fc\u015fonlu \u015ei\u015fme Tesett\u00fcr E14586-R25 SE"},"content":{"rendered":"<p>\u0627\u0644\u0645\u0646\u062a\u062c \u0645\u0648\u0633\u0645\u064a. \u0627\u0644\u0645\u0646\u062a\u062c \u064a\u062d\u062a\u0648\u064a \u0639\u0644\u0649 \u0633\u062d\u0627\u0628 \u0641\u064a \u0627\u0644\u0631\u0642\u0628\u0629 \u0648\u062c\u064a\u0648\u0628\u0647 \u0646\u0634\u0637\u0629 \u0628\u0627\u0644\u0633\u062d\u0627\u0628\u0627\u062a. \u063a\u0637\u0627\u0621 \u0627\u0644\u0645\u062d\u0631\u0643 \u0628\u0633\u062d\u0627\u0628 \u0648\u064a\u0645\u0643\u0646 \u0625\u0632\u0627\u0644\u062a\u0647 \u0625\u0630\u0627 \u0631\u063a\u0628\u062a \u0641\u064a \u0630\u0644\u0643.<br \/>\n\u0627\u0644\u0637\u0648\u0644: 88 \u0633\u0645<br \/>\n\u0645\u064a\u0632\u0629 \u0627\u0644\u0646\u0633\u064a\u062c: \u0648\u0647\u064a \u0645\u0635\u0646\u0648\u0639\u0629 \u0645\u0646 \u0642\u0645\u0627\u0634 \u0645\u064a\u0641\u0644\u0648\u0646.<br \/>\n\u0646\u0638\u0631\u064b\u0627 \u0644\u0623\u0646 \u0627\u0644\u0645\u0646\u062a\u062c \u0639\u0628\u0627\u0631\u0629 \u0639\u0646 \u0642\u0627\u0644\u0628 \u0643\u0627\u0645\u0644 \u060c \u0641\u0645\u0646 \u0627\u0644\u0645\u0633\u062a\u062d\u0633\u0646 \u0637\u0644\u0628 \u0627\u0644\u062d\u062c\u0645 \u0627\u0644\u0630\u064a \u062a\u0633\u062a\u062e\u062f\u0645\u0647 \u0639\u0627\u062f\u0629\u064b.<br \/>\nModel Dimensions: Size 38 \/ Height 1.68cm \/ Hip 90cm \/ Waist 77cm \/ Chest 90cm<br \/>\n\u062a\u0639\u0644\u064a\u0645\u0627\u062a \u0627\u0644\u063a\u0633\u064a\u0644: \u064a\u062c\u0628 \u063a\u0633\u0644\u0647\u0627 \u0645\u0646 \u0627\u0644\u062f\u0627\u062e\u0644 \u0625\u0644\u0649 \u0627\u0644\u062e\u0627\u0631\u062c \u0628\u062f\u0631\u062c\u0629 \u062d\u0631\u0627\u0631\u0629 30 \u062f\u0631\u062c\u0629 (\u0623\u062f\u0646\u0649 \u062f\u0631\u062c\u0629).<br \/>\nThere may be a tonal difference in the color of the product due to photography.<\/p>","protected":false},"excerpt":{"rendered":"<p>\u0627\u0644\u0645\u0646\u062a\u062c \u0645\u0648\u0633\u0645\u064a. \u0627\u0644\u0645\u0646\u062a\u062c \u064a\u062d\u062a\u0648\u064a \u0639\u0644\u0649 \u0633\u062d\u0627\u0628 \u0641\u064a \u0627\u0644\u0631\u0642\u0628\u0629 \u0648\u062c\u064a\u0648\u0628\u0647 \u0646\u0634\u0637\u0629 \u0628\u0627\u0644\u0633\u062d\u0627\u0628\u0627\u062a. \u063a\u0637\u0627\u0621 \u0627\u0644\u0645\u062d\u0631\u0643 \u0628\u0633\u062d\u0627\u0628 \u0648\u064a\u0645\u0643\u0646 \u0625\u0632\u0627\u0644\u062a\u0647 \u0625\u0630\u0627 \u0631\u063a\u0628\u062a \u0641\u064a \u0630\u0644\u0643. \u0627\u0644\u0637\u0648\u0644: 88 \u0633\u0645 \u0645\u064a\u0632\u0629 \u0627\u0644\u0646\u0633\u064a\u062c: \u0648\u0647\u064a \u0645\u0635\u0646\u0648\u0639\u0629 \u0645\u0646 \u0642\u0645\u0627\u0634 \u0645\u064a\u0641\u0644\u0648\u0646. \u0646\u0638\u0631\u064b\u0627 \u0644\u0623\u0646 \u0627\u0644\u0645\u0646\u062a\u062c \u0639\u0628\u0627\u0631\u0629 \u0639\u0646 \u0642\u0627\u0644\u0628 \u0643\u0627\u0645\u0644 \u060c \u0641\u0645\u0646 \u0627\u0644\u0645\u0633\u062a\u062d\u0633\u0646 \u0637\u0644\u0628 \u0627\u0644\u062d\u062c\u0645 \u0627\u0644\u0630\u064a \u062a\u0633\u062a\u062e\u062f\u0645\u0647 \u0639\u0627\u062f\u0629\u064b. \u0623\u0628\u0639\u0627\u062f \u0627\u0644\u0645\u0648\u062f\u064a\u0644: \u0645\u0642\u0627\u0633 38 \/ \u0627\u0644\u0627\u0631\u062a\u0641\u0627\u0639 1.68 \u0633\u0645 \/ \u0627\u0644\u0648\u0631\u0643 &hellip; <a href=\"https:\/\/style-team.com\/en\/product\/e14586-r25-se\/\" class=\"more-link\" data-no-translation=\"\" data-trp-gettext=\"\">Continue reading <span class=\"screen-reader-text\">Kap\u00fc\u015fonlu \u015ei\u015fme Tesett\u00fcr E14586-R25 SE<\/span><\/a><\/p>","protected":false},"featured_media":3516,"comment_status":"open","ping_status":"closed","template":"","meta":[],"product_cat":[21],"product_tag":[],"_links":{"self":[{"href":"https:\/\/style-team.com\/en\/wp-json\/wp\/v2\/product\/3515"}],"collection":[{"href":"https:\/\/style-team.com\/en\/wp-json\/wp\/v2\/product"}],"about":[{"href":"https:\/\/style-team.com\/en\/wp-json\/wp\/v2\/types\/product"}],"replies":[{"embeddable":true,"href":"https:\/\/style-team.com\/en\/wp-json\/wp\/v2\/comments?post=3515"}],"wp:featuredmedia":[{"embeddable":true,"href":"https:\/\/style-team.com\/en\/wp-json\/wp\/v2\/media\/3516"}],"wp:attachment":[{"href":"https:\/\/style-team.com\/en\/wp-json\/wp\/v2\/media?parent=3515"}],"wp:term":[{"taxonomy":"product_cat","embeddable":true,"href":"https:\/\/style-team.com\/en\/wp-json\/wp\/v2\/product_cat?post=3515"},{"taxonomy":"product_tag","embeddable":true,"href":"https:\/\/style-team.com\/en\/wp-json\/wp\/v2\/product_tag?post=3515"}],"curies":[{"name":"wp","href":"https:\/\/api.w.org\/{rel}","templated":true}]}}