{"id":3628,"date":"2022-09-15T20:36:35","date_gmt":"2022-09-15T17:36:35","guid":{"rendered":"https:\/\/style-team.com\/?post_type=product&#038;p=3628"},"modified":"2022-09-15T20:50:14","modified_gmt":"2022-09-15T17:50:14","slug":"yazi-baskili-ikili-tesettur-takim-yns17859-r68-se","status":"publish","type":"product","link":"https:\/\/style-team.com\/en\/product\/yazi-baskili-ikili-tesettur-takim-yns17859-r68-se\/","title":{"rendered":"Yaz\u0131 Bask\u0131l\u0131 \u0130kili Tesett\u00fcr Tak\u0131m YNS17859-R68 SE"},"content":{"rendered":"<pre id=\"tw-target-text\" class=\"tw-data-text tw-text-large tw-ta\" dir=\"rtl\" data-placeholder=\"\u0627\u0644\u062a\u0631\u062c\u0645\u0629\"><span class=\"Y2IQFc\" lang=\"ar\">The product is seasonal. The product consists of two parts, jacket and trousers. Tunic sleeves and hem have thick, covered cuffs. The pants waist and limbs are elastic. The size used is size M. Since the product is a full mold, it is a seasonal product. The product consists of two parts, jacket and trousers. Tunic sleeves and hem have thick, covered cuffs. The pants waist and limbs are elastic. The size used is size M. Since the product is a full mold, it is recommended to order the size you usually use. Good to order the size you usually use.<\/span><\/pre>","protected":false},"excerpt":{"rendered":"<p>\u0627\u0644\u0645\u0646\u062a\u062c \u0645\u0648\u0633\u0645\u064a. \u0627\u0644\u0645\u0646\u062a\u062c \u064a\u062a\u0643\u0648\u0646 \u0645\u0646 \u062c\u0632\u0626\u064a\u0646 \u060c \u0633\u062a\u0631\u0629 \u0648\u0628\u0646\u0637\u0644\u0648\u0646. \u0627\u0644\u0623\u0643\u0645\u0627\u0645 \u062a\u0648\u0646\u0643 \u0648\u062d\u0627\u0634\u064a\u0629 \u0644\u0647\u0627 \u0623\u0635\u0641\u0627\u062f \u0633\u0645\u064a\u0643\u0629 \u0648\u0645\u063a\u0637\u0627\u0629. \u0627\u0644\u062e\u0635\u0631 \u0627\u0644\u0633\u0631\u0627\u0648\u064a\u0644 \u0648\u0627\u0644\u0623\u0637\u0631\u0627\u0641 \u0645\u0631\u0646\u0629. \u0627\u0644\u062d\u062c\u0645 \u0627\u0644\u0645\u0633\u062a\u062e\u062f\u0645 \u0647\u0648 \u0627\u0644\u062d\u062c\u0645 M. \u0646\u0638\u0631\u064b\u0627 \u0644\u0623\u0646 \u0627\u0644\u0645\u0646\u062a\u062c \u0639\u0628\u0627\u0631\u0629 \u0639\u0646 \u0642\u0627\u0644\u0628 \u0643\u0627\u0645\u0644 \u060c \u0641\u0645\u0646 \u0627\u0644\u0645\u0633\u062a\u0627\u0644\u0645\u0646\u062a\u062c \u0645\u0648\u0633\u0645\u064a. \u0627\u0644\u0645\u0646\u062a\u062c \u064a\u062a\u0643\u0648\u0646 \u0645\u0646 \u062c\u0632\u0626\u064a\u0646 \u060c \u0633\u062a\u0631\u0629 \u0648\u0628\u0646\u0637\u0644\u0648\u0646. \u0627\u0644\u0623\u0643\u0645\u0627\u0645 \u062a\u0648\u0646\u0643 \u0648\u062d\u0627\u0634\u064a\u0629 \u0644\u0647\u0627 \u0623\u0635\u0641\u0627\u062f \u0633\u0645\u064a\u0643\u0629 \u0648\u0645\u063a\u0637\u0627\u0629. \u0627\u0644\u062e\u0635\u0631 \u0627\u0644\u0633\u0631\u0627\u0648\u064a\u0644 \u0648\u0627\u0644\u0623\u0637\u0631\u0627\u0641 \u0645\u0631\u0646\u0629. \u0627\u0644\u062d\u062c\u0645 &hellip; <a href=\"https:\/\/style-team.com\/en\/product\/yazi-baskili-ikili-tesettur-takim-yns17859-r68-se\/\" class=\"more-link\" data-no-translation=\"\" data-trp-gettext=\"\">Continue reading <span class=\"screen-reader-text\">Yaz\u0131 Bask\u0131l\u0131 \u0130kili Tesett\u00fcr Tak\u0131m YNS17859-R68 SE<\/span><\/a><\/p>","protected":false},"featured_media":3627,"comment_status":"open","ping_status":"closed","template":"","meta":[],"product_cat":[20],"product_tag":[],"_links":{"self":[{"href":"https:\/\/style-team.com\/en\/wp-json\/wp\/v2\/product\/3628"}],"collection":[{"href":"https:\/\/style-team.com\/en\/wp-json\/wp\/v2\/product"}],"about":[{"href":"https:\/\/style-team.com\/en\/wp-json\/wp\/v2\/types\/product"}],"replies":[{"embeddable":true,"href":"https:\/\/style-team.com\/en\/wp-json\/wp\/v2\/comments?post=3628"}],"wp:featuredmedia":[{"embeddable":true,"href":"https:\/\/style-team.com\/en\/wp-json\/wp\/v2\/media\/3627"}],"wp:attachment":[{"href":"https:\/\/style-team.com\/en\/wp-json\/wp\/v2\/media?parent=3628"}],"wp:term":[{"taxonomy":"product_cat","embeddable":true,"href":"https:\/\/style-team.com\/en\/wp-json\/wp\/v2\/product_cat?post=3628"},{"taxonomy":"product_tag","embeddable":true,"href":"https:\/\/style-team.com\/en\/wp-json\/wp\/v2\/product_tag?post=3628"}],"curies":[{"name":"wp","href":"https:\/\/api.w.org\/{rel}","templated":true}]}}